{"id":3,"date":"2018-11-28T14:20:58","date_gmt":"2018-11-28T14:20:58","guid":{"rendered":"http:\/\/igorborghi.com\/sito\/?page_id=3"},"modified":"2018-12-05T11:54:44","modified_gmt":"2018-12-05T11:54:44","slug":"privacy-policy","status":"publish","type":"page","link":"https:\/\/igorborghi.com\/sito\/privacy-policy\/","title":{"rendered":"Privacy Policy"},"content":{"rendered":"<h3><strong>CHI SIAMO<\/strong><\/h3>\n<p>L\u2019indirizzo del nostro sito web \u00e8: http:\/\/mech.clust-er.it.<\/p>\n<h3><strong>TITOLARE DEL TRATTAMENTO<\/strong><\/h3>\n<p>Il Titolare del trattamento \u00e8 :<br \/>\n<b>Igor Borghi<\/b><\/p>\n<p>XXXXXXX<\/p>\n<h3><strong>DATI TRATTATI E FINALIT\u00c0<\/strong><\/h3>\n<p><strong>Dati forniti direttamente dall\u2019utente<\/strong><\/p>\n<p>I dati personali conferiti dall\u2019utente nel sito\u00a0igorborghi.com in modo facoltativo, esplicito e volontario, sono utilizzati al fine di dare corso alle eventuali richieste formulate (cos\u00ec, ad esempio, quando si richiedono informazioni o delucidazioni telefonando ai numeri indicati sul sito o scrivendo agli indirizzi di posta elettronica ivi presenti).<\/p>\n<p>&nbsp;<\/p>\n<p><strong>Dati di navigazione<\/strong><\/p>\n<p>I sistemi informatici e le procedure software preposte al funzionamento di questo sito web acquisiscono, nel corso del loro normale esercizio, alcuni dati personali la cui trasmissione \u00e8 implicita nell\u2019uso dei protocolli di comunicazione di Internet.<br \/>\nSi tratta di informazioni che non sono raccolte per essere associate a interessati identificati, ma che per loro stessa natura potrebbero, attraverso elaborazioni ed associazioni con dati detenuti da terzi, permettere di identificare gli utenti.<br \/>\nIn questa categoria di dati rientrano gli indirizzi IP o i nomi a dominio dei computer utilizzati dagli utenti che si connettono al sito, gli indirizzi in notazione URI (Uniform Resource Identifier) delle risorse richieste, l\u2019orario della richiesta, il metodo utilizzato nel sottoporre la richiesta al server, la dimensione del file ottenuto in risposta, il codice numerico indicante lo stato della risposta data dal server (buon fine, errore, ecc.) ed altri parametri relativi al sistema operativo e all\u2019ambiente informatico dell\u2019utente.<br \/>\nI dati, cos\u00ec raccolti, potrebbero essere utilizzati per l\u2019accertamento di responsabilit\u00e0 in caso di eventuali reati informatici ai danni del sito.<\/p>\n<p>&nbsp;<\/p>\n<p><strong>Cookies<\/strong><\/p>\n<p>In ordine ai cookie si rinvia all\u2019informativa cookie specificamente predisposta anche in base alle indicazioni fornite dall\u2019Autorit\u00e0 garante per la privacy con provvedimento dell\u20198 maggio 2014.<\/p>\n<p>&nbsp;<\/p>\n<h3><strong>NATURA DEL CONFERIMENTO DEI DATI<\/strong><\/h3>\n<p>Fatta eccezione per i dati di navigazione, necessari per dar corso ai protocolli informatici e telematici, il conferimento dei dati personali da parte degli utenti \u00e8 libero e facoltativo. Tuttavia il mancato conferimento dei dati stessi comporter\u00e0 l\u2019impossibilit\u00e0 di poter procedere alle richieste inoltrate o che l\u2019utente intende inoltrare.<\/p>\n<p>&nbsp;<\/p>\n<h3><strong>DETTAGLI SUL TRATTAMENTO DEI DATI PERSONALI<\/strong><\/h3>\n<p><strong>Form di contatto<\/strong><\/p>\n<p>Questi consentono di gestire un database di contatti email utilizzati per comunicare con l\u2019Utente.<br \/>\nDati personali raccolti: Nome completo, Email.<\/p>\n<p>&nbsp;<\/p>\n<p><strong>Interazione con social network e piattaforme esterne<\/strong><\/p>\n<p>Questi servizi permettono di effettuare interazioni con i social network, o con altre piattaforme esterne, direttamente dalle pagine dell\u2019Applicazione. Le interazioni e le informazioni acquisite da questa Applicazione sono in ogni caso soggette alle impostazioni privacy dell\u2019Utente relative ad ogni social network.<\/p>\n<ul>\n<li><a href=\"https:\/\/www.facebook.com\/about\/privacy\" rel=\"alternate\">https:\/\/www.facebook.com\/about\/privacy<\/a><\/li>\n<li><a href=\"http:\/\/www.google.it\/intl\/it\/policies\/privacy\/\" rel=\"alternate\">http:\/\/www.google.it\/intl\/it\/policies\/privacy\/<\/a><\/li>\n<li><a href=\"https:\/\/www.instagram.com\/\" rel=\"alternate\">https:\/\/www.instagram.com<\/a><\/li>\n<li><a href=\"https:\/\/vimeo.com\/\" rel=\"alternate\">https:\/\/vimeo.com<\/a><\/li>\n<li><a href=\"https:\/\/www.youtube.com\/\">https:\/\/www.youtube.com<\/a><\/li>\n<\/ul>\n<p>&nbsp;<\/p>\n<p><strong>Google Analytics \u2013 Statistiche<\/strong><\/p>\n<p>Google Analytics \u00e8 un servizio di analisi web fornito da Google Inc. (\u201cGoogle\u201d). Google utilizza i Dati Personali raccolti allo scopo di tracciare ed esaminare l\u2019utilizzo di questa Applicazione, compilare report e condividerli con gli altri servizi sviluppati da Google. In questo sito permettono al Titolare del Trattamento di monitorare e analizzare i dati di traffico e servono a tener traccia del comportamento dell\u2019Utente.<br \/>\nGoogle potrebbe utilizzare i Dati Personali per contestualizzare e personalizzare gli annunci del proprio network pubblicitario.<br \/>\nDati personali raccolti: Cookie e Dati di utilizzo.<br \/>\nLuogo del trattamento: USA \u2013\u00a0Privacy Policy\u00a0\u2013\u00a0Opt Out<\/p>\n<p>&nbsp;<\/p>\n<h3><strong>MODALIT\u00c0 DEL TRATTAMENTO<\/strong><\/h3>\n<p>Il Titolare tratta i Dati Personali degli Utenti adottando le opportune misure di sicurezza volte ad impedire l\u2019accesso, la divulgazione, la modifica o la distruzione non autorizzate dei Dati Personali.<br \/>\nIl trattamento viene effettuato mediante strumenti informatici e\/o telematici, con modalit\u00e0 organizzative e con logiche strettamente correlate alle finalit\u00e0 indicate. Oltre al Titolare, in alcuni casi, potrebbero avere accesso ai Dati categorie di incaricati coinvolti nell\u2019organizzazione del sito (personale amministrativo, commerciale, marketing, legali, amministratori di sistema) ovvero soggetti esterni (come fornitori di servizi tecnici terzi, corrieri postali, hosting provider, societ\u00e0 informatiche, agenzie di comunicazione) nominati anche, se necessario, Responsabili del Trattamento da parte del Titolare. L\u2019elenco aggiornato dei Responsabili potr\u00e0 sempre essere richiesto al Titolare del Trattamento.<\/p>\n<p><strong>Luogo<\/strong><\/p>\n<p>I Dati sono trattati presso le sedi operative del Titolare ed in ogni altro luogo in cui le parti coinvolte nel trattamento siano localizzate. Per ulteriori informazioni, contatta il Titolare.<\/p>\n<p><strong>Tempi<\/strong><\/p>\n<p>I Dati sono trattati per il tempo necessario allo svolgimento del servizio richiesto dall\u2019Utente, o richiesto dalle finalit\u00e0 descritte in questo documento, e l\u2019Utente pu\u00f2 sempre chiedere l\u2019interruzione del Trattamento o la cancellazione dei Dati.<\/p>\n<p>&nbsp;<\/p>\n<h3><strong>COMUNICAZIONE E DIFFUSIONE<\/strong><\/h3>\n<p>I dati raccolti non saranno diffusi n\u00e9 comunicati a terzi senza il consenso espresso dell\u2019interessato, fatte salve le eventuali richieste da parte delle autorit\u00e0 competenti, secondo quanto stabilito dalla legge.<\/p>\n<p>&nbsp;<\/p>\n<h3><strong>COOKIE POLICY<\/strong><\/h3>\n<p>Con il presente documento, ai sensi degli art. 13 e 122 del D. Lgs. 196\/2003 (\u201ccodice privacy\u201d), nonch\u00e9 in base a quanto previsto dal Provvedimento generale del Garante privacy dell\u20198 maggio 2014, Igor Borghi, titolare del trattamento, fornisce agli utenti del sito\u00a0mech.clust-er.it alcune informazioni relative ai cookie utilizzati.<\/p>\n<p>&nbsp;<\/p>\n<p><strong>Cosa sono i cookie<\/strong><\/p>\n<p>Un \u201ccookie\u201d \u00e8 un piccolo file di testo creato sul computer dell\u2019utente al momento in cui questo accede ad un determinato sito, con lo scopo di immagazzinare e trasportare informazioni. I cookie sono inviati da un server web (che \u00e8 il computer sul quale \u00e8 in esecuzione il sito web visitato) al browser dell\u2019utente (Internet Explorer, Mozilla Firefox, Google Chrome, ecc.) e memorizzati sul computer di quest\u2019ultimo; vengono, quindi, re-inviati al sito web al momento delle visite successive.<\/p>\n<p>Nel corso della navigazione l\u2019utente potrebbe ricevere sul suo terminale anche cookie di siti diversi (c.d. cookies di \u201cterze parti\u201d), impostati direttamente da gestori di detti siti web e utilizzati per le finalit\u00e0 e secondo le modalit\u00e0 da questi definiti.<\/p>\n<p>&nbsp;<\/p>\n<h3><strong>TIPOLOGIE DI COOKIE UTILIZZATE DAL PRESENTE SITO<\/strong><\/h3>\n<p><strong>Cookie del Titolare<\/strong><\/p>\n<p>Il sito\u00a0igorborghi.com utilizza solo cookie tecnici, rispetto ai quali, ai sensi dell\u2019art. 122 del codice privacy e del Provvedimento del Garante dell\u20198 maggio 2014, non \u00e8 richiesto alcun consenso da parte dell\u2019interessato.<\/p>\n<p>Pi\u00f9 precisamente il sito utilizza:<\/p>\n<ul>\n<li>cookie tecnici per la raccolta dei soli dati di visualizzazione e click dei banner.<\/li>\n<li>cookie tecnico che agevola la navigazione dell\u2019utente, riconoscendolo ed evitando che l\u2019informativa breve sui cookie contenuta nel banner ricompaia nel caso di collegamenti al sito effettuati entro il termine di scadenza. Si attiva cliccando \u201cok\u201d sul banner.<\/li>\n<\/ul>\n<p>&nbsp;<\/p>\n<p><strong>Cookie di terze parti<\/strong><\/p>\n<p>Attraverso il sito\u00a0mech.clust-er.it sono installati alcuni cookie di terze parti, anche profilanti, che si attivano cliccando \u201cok\u201d sul banner.<\/p>\n<p>Si riportano nel dettaglio i singoli cookie di terze parti, nonch\u00e9 i link attraverso i quali l\u2019utente pu\u00f2 ricevere maggiori informazioni e richiedere la disattivazione dei cookie.<\/p>\n<p>&nbsp;<\/p>\n<p><strong>Google Analytics<\/strong><\/p>\n<p>Il Sito utilizza Google Analytics. Si tratta di un servizio di analisi web fornito da Google Inc. (\u201cGoogle\u201d) che utilizza dei cookie che vengono depositati sul computer dell\u2019utente per consentire analisi statistiche in forma aggregata in ordine all\u2019utilizzo del sito web visitato. Tale funzionalit\u00e0 viene svolta in forma anonima, il vostro indirizzo IP (es.:92.52.252.197), identificativo del vostro dispositivo di navigazione, viene mascherato\u00a0nelle ultime tre cifre (es.:\u00a092.52.252.XXX).<\/p>\n<p>I Dati generati da Google Analytics sono conservati da Google cos\u00ec come indicato nella Informativa reperibile al seguente link\u00a0<a href=\"https:\/\/developers.google.com\/analytics\/devguides\/collection\/analyticsjs\/cookie-usage\" rel=\"alternate\">https:\/\/developers.google.com\/analytics\/devguides\/collection\/analyticsjs\/cookie-usage<\/a><\/p>\n<p>Per consultare l\u2019informativa privacy della societ\u00e0 Google Inc., titolare autonomo del trattamento dei dati relativi al servizio Google Analytics, si rinvia al sito Internet\u00a0<a href=\"http:\/\/www.google.com\/intl\/en\/analytics\/privacyoverview.html\" rel=\"alternate\">http:\/\/www.google.com\/intl\/en\/analytics\/privacyoverview.html<\/a><\/p>\n<p>Al seguente link\u00a0<a href=\"https:\/\/tools.google.com\/dlpage\/gaoptout?hl=it\" rel=\"alternate\">https:\/\/tools.google.com\/dlpage\/gaoptout?hl=it<\/a>\u00a0\u00e8 inoltre reso disponibile da Google il componente aggiuntivo del browser per la disattivazione di Google Analytics.<\/p>\n<p>&nbsp;<\/p>\n<p><strong>YouTube e altre piattaforme di video online<\/strong><\/p>\n<p>Questi servizi prevedono l\u2019istallazione di cookie da parte di Google o altri gestori per raccogliere informazioni in merito al numero di utenti che visualizzano i video e in merito alla durata delle visualizzazioni. Salvano inoltre\u00a0informazioni nel browser in merito alla lingua, al punto di visualizzazione raggiunto, ed alla cronologia dei video visualizzati.<br \/>\nAi seguenti link maggiori informazioni sulla privacy policy di Google Inc.:<\/p>\n<ul>\n<li><a href=\"http:\/\/www.google.it\/intl\/it\/policies\/privacy\/\" rel=\"alternate\">http:\/\/www.google.it\/intl\/it\/policies\/privacy\/<\/a><\/li>\n<\/ul>\n<p>&nbsp;<\/p>\n<p><strong>Pulsanti e widget di social network<\/strong><\/p>\n<p>I Social buttons sono quei particolari \u201cpulsanti\u201d presenti sul sito che raffigurano le icone di social network (esempio, Facebook e Instagram) e consentono agli utenti che stanno navigando di interagire con un \u201cclick\u201d direttamente con le piattaforme social.<\/p>\n<p>I social buttons utilizzati dal sito nella pagina \u201cContatti\u201d sono dei link che rinviano agli account del Titolare sui social network raffigurati. Tramite l\u2019utilizzo di tali pulsanti non sono pertanto installati sul sito cookie di terze parti. Si riportano comunque i link ove l\u2019utente pu\u00f2 prendere visione dell\u2019informativa privacy relativa alla gestione dei dati da parte dei Social cui i pulsanti rinviano.<\/p>\n<p><a title=\"https:\/\/www.facebook.com\/help\/cookies\" href=\"https:\/\/www.facebook.com\/help\/cookies\" rel=\"alternate\">https:\/\/www.facebook.com\/help\/cookies<br \/>\n<\/a><a href=\"https:\/\/help.instagram.com\/1896641480634370\">https:\/\/help.instagram.com\/1896641480634370<\/a><\/p>\n<p>&nbsp;<\/p>\n<h3><strong>MODALIT\u00c0 DEL TRATTAMENTO<\/strong><\/h3>\n<p>Il trattamento viene effettuato con strumenti automatizzati dal Titolare. Non viene effettuata alcuna diffusione o comunicazione.<\/p>\n<p>&nbsp;<\/p>\n<p><strong>Conferimento dei dati<\/strong><\/p>\n<p>Fatta eccezione per i cookie tecnici strettamente necessari alla normale navigazione, il conferimento dei dati \u00e8 rimesso alla volont\u00e0 dell\u2019interessato che decida di navigare sul sito dopo aver preso visione dell\u2019informativa breve contenuta nell\u2019apposito banner e di usufruire dei servizi che comportano l\u2019installazione di cookie.<\/p>\n<p>L\u2019interessato pu\u00f2 quindi evitare l\u2019installazione dei cookie mantenendo il banner (astenendosi quindi dal chiuderlo cliccando sul tasto \u201cok\u201d) \u00a0nonch\u00e9 attraverso le apposite funzioni disponibili sul proprio browser.<\/p>\n<p>&nbsp;<\/p>\n<p><strong>Disabilitazione dei cookie<\/strong><\/p>\n<p>Fermo restando quanto sopra indicato in ordine ai cookie strettamente necessari alla navigazione, l\u2019utente pu\u00f2 eliminare gli altri cookie attraverso la funzionalit\u00e0 a tal fine messa a disposizione dal proprio browser, come illustrato di seguito.<br \/>\nCiascun browser presenta procedure diverse per la gestione delle impostazioni. L\u2019utente pu\u00f2 ottenere istruzioni specifiche attraverso i link sottostanti.<\/p>\n<ul>\n<li><a href=\"https:\/\/support.microsoft.com\/it-it\/help\/17442\/windows-internet-explorer-delete-manage-cookies\" rel=\"alternate\">Microsoft Windows Explorer<\/a><\/li>\n<li><a href=\"https:\/\/support.google.com\/chrome\/answer\/95647?co=GENIE.Platform%3DDesktop&amp;hl=it\" rel=\"alternate\">Google Chrome<\/a><\/li>\n<li><a href=\"https:\/\/support.mozilla.org\/it\/kb\/Gestione%20dei%20cookie\" rel=\"alternate\">Mozilla Firefox<\/a><\/li>\n<li><a href=\"https:\/\/support.apple.com\/kb\/ph21411?locale=it_IT\" rel=\"alternate\">Apple Safari<\/a><\/li>\n<\/ul>\n<p>La disattivazione dei cookie di terze parti \u00e8 inoltre possibile attraverso le modalit\u00e0 rese disponibili direttamente dalla societ\u00e0 terza titolare per detto trattamento, come indicato ai link riportati nel paragrafo \u201ccookie di terze parti\u201d.<\/p>\n<p>Per avere informazioni sui cookie archiviati sul proprio terminale e disattivarli singolarmente si rinvia al link: \u00a0<a href=\"http:\/\/www.youronlinechoices.com\/it\/le-tue-scelte\">http:\/\/www.youronlinechoices.com\/it\/le-tue-scelte<\/a><\/p>\n<p>&nbsp;<\/p>\n<h3><strong>DIRITTI DELL\u2019INTERESSATO<\/strong><\/h3>\n<p>L\u2019interessato potr\u00e0 far valere in ogni momento, rivolgendosi al titolare del trattamento tramite l\u2019invio di una mail all\u2019indirizzo info@igorborghi.com, i diritti di cui al Regolamento UE 2016\/679 sulla Protezione dei dati personali (GDPR), di seguito sintetizzati:<\/p>\n<ol>\n<li>L\u2019interessato ha diritto di ottenere la conferma dell\u2019esistenza o meno di dati personali che lo riguardano, anche se non ancora registrati, e la loro comunicazione in forma intelligibile.<\/li>\n<li>L\u2019interessato ha diritto di ottenere l\u2019indicazione:<\/li>\n<\/ol>\n<ul>\n<li>dell\u2019origine dei dati personali<\/li>\n<li>delle finalit\u00e0 e delle modalit\u00e0 del trattamento<\/li>\n<li>della logica applicata in caso di trattamento effettuato con l\u2019ausilio di strumenti elettronici<\/li>\n<li>degli estremi identificativi del titolare, dei responsabili e del rappresentante designato ai sensi dell\u2019articolo 5, comma 2<\/li>\n<li>dei soggetti o delle categorie di soggetti ai quelli i dati personali possono essere comunicati o che possono venire a conoscenza in qualit\u00e0 di rappresentante designato nel territorio dello Stato, di responsabili o incaricati.<\/li>\n<\/ul>\n<ol start=\"3\">\n<li>L\u2019interessato ha il diritto di ottenere:<\/li>\n<\/ol>\n<ol>\n<li>a) l\u2019aggiornamento la rettificazione ovvero, quando vi ha interesse, l\u2019integrazione dei dati<\/li>\n<li>b) a cancellazione, la trasformazione in forma anonima o il blocco dei dati trattati in violazione di legge compresi quelli di cui non \u00e8 necessaria la conservazione in relazione agli scopi per i quali i dati sono stati raccolti o successivamente trattati<\/li>\n<li>c) l\u2019attestazione che le operazioni di cui alle lettere a) e b) sono state portate a conoscenza, anche per quanto riguarda il loro contenuto, di coloro ai quali i dati sono stati comunicati o diffusi, eccettuato il caso in cui tale adempimento si rivela impossibile o comporta un impiego di mezzi manifestamente sproporzionato rispetto al diritto tutelato.<\/li>\n<li>L\u2019interessato ha il diritto di opporsi, in tutto o in parte:<\/li>\n<\/ol>\n<ul>\n<li>per motivi legittimi al trattamento dei dati personali che Lo riguardano, ancorch\u00e9 pertinenti allo scopo della raccolta<\/li>\n<li>al trattamento di dati personali che lo riguardano a fini di invio di materiale pubblicitario o di vendita diretta o per il compimento di ricerche di mercato o di comunicazione commerciale<\/li>\n<\/ul>\n<p>&nbsp;<\/p>\n<p>&nbsp;<\/p>\n","protected":false},"excerpt":{"rendered":"<p>CHI SIAMO L\u2019indirizzo del nostro sito web \u00e8: http:\/\/mech.clust-er.it. TITOLARE DEL TRATTAMENTO Il Titolare del trattamento \u00e8 : Igor Borghi XXXXXXX DATI TRATTATI E FINALIT\u00c0 Dati forniti direttamente dall\u2019utente I dati personali conferiti dall\u2019utente nel sito\u00a0igorborghi.com in modo facoltativo, esplicito e volontario, sono utilizzati al fine di dare corso alle eventuali richieste formulate (cos\u00ec, ad [&hellip;]<\/p>\n","protected":false},"author":1,"featured_media":0,"parent":0,"menu_order":0,"comment_status":"closed","ping_status":"closed","template":"","meta":{"_acf_changed":false,"footnotes":""},"class_list":["post-3","page","type-page","status-publish","hentry"],"acf":[],"_links":{"self":[{"href":"https:\/\/igorborghi.com\/sito\/wp-json\/wp\/v2\/pages\/3","targetHints":{"allow":["GET"]}}],"collection":[{"href":"https:\/\/igorborghi.com\/sito\/wp-json\/wp\/v2\/pages"}],"about":[{"href":"https:\/\/igorborghi.com\/sito\/wp-json\/wp\/v2\/types\/page"}],"author":[{"embeddable":true,"href":"https:\/\/igorborghi.com\/sito\/wp-json\/wp\/v2\/users\/1"}],"replies":[{"embeddable":true,"href":"https:\/\/igorborghi.com\/sito\/wp-json\/wp\/v2\/comments?post=3"}],"version-history":[{"count":2,"href":"https:\/\/igorborghi.com\/sito\/wp-json\/wp\/v2\/pages\/3\/revisions"}],"predecessor-version":[{"id":12,"href":"https:\/\/igorborghi.com\/sito\/wp-json\/wp\/v2\/pages\/3\/revisions\/12"}],"wp:attachment":[{"href":"https:\/\/igorborghi.com\/sito\/wp-json\/wp\/v2\/media?parent=3"}],"curies":[{"name":"wp","href":"https:\/\/api.w.org\/{rel}","templated":true}]}}